{"id":8351,"date":"2025-01-31T13:28:28","date_gmt":"2025-01-31T12:28:28","guid":{"rendered":"https:\/\/pharma-consulting.fr\/?page_id=8351"},"modified":"2025-01-31T13:29:42","modified_gmt":"2025-01-31T12:29:42","slug":"application-mobile","status":"publish","type":"page","link":"https:\/\/pharma-consulting.fr\/index.php\/application-mobile\/","title":{"rendered":"Application mobile"},"content":{"rendered":"\t\t<div data-elementor-type=\"wp-page\" data-elementor-id=\"8351\" class=\"elementor elementor-8351\">\n\t\t\t\t\t\t<section class=\"elementor-section elementor-top-section elementor-element elementor-element-21033e2e elementor-section-boxed elementor-section-height-default elementor-section-height-default\" data-id=\"21033e2e\" data-element_type=\"section\" data-e-type=\"section\">\n\t\t\t\t\t\t<div class=\"elementor-container elementor-column-gap-default\">\n\t\t\t\t\t<div class=\"elementor-column elementor-col-100 elementor-top-column elementor-element elementor-element-28dfcf64\" data-id=\"28dfcf64\" data-element_type=\"column\" data-e-type=\"column\">\n\t\t\t<div class=\"elementor-widget-wrap elementor-element-populated\">\n\t\t\t\t\t\t<div class=\"elementor-element elementor-element-8cd03ee elementor-widget elementor-widget-heading\" data-id=\"8cd03ee\" data-element_type=\"widget\" data-e-type=\"widget\" data-widget_type=\"heading.default\">\n\t\t\t\t<div class=\"elementor-widget-container\">\n\t\t\t\t\t<h2 class=\"elementor-heading-title elementor-size-default\">application mobile<\/h2>\t\t\t\t<\/div>\n\t\t\t\t<\/div>\n\t\t\t\t<div class=\"elementor-element elementor-element-6b7e6be7 elementor-widget elementor-widget-text-editor\" data-id=\"6b7e6be7\" data-element_type=\"widget\" data-e-type=\"widget\" data-widget_type=\"text-editor.default\">\n\t\t\t\t<div class=\"elementor-widget-container\">\n\t\t\t\t\t\t\t\t\t\n<div class=\"wp-block-media-text is-stacked-on-mobile has-theme-palette-8-background-color has-background\" style=\"grid-template-columns:15% auto\"><figure class=\"wp-block-media-text__media\"><video controls src=\"https:\/\/pharma-consulting.fr\/wp-content\/uploads\/2025\/01\/Enregistrement-de-lecran-2024-11-07-130401.mp4\"><\/video><\/figure><div class=\"wp-block-media-text__content\">\n<p>D\u00e9couvrez notre application mobile : <br><em>Sections r\u00e9serv\u00e9es suivant votre adh\u00e9sion<\/em><\/p>\n\n\n\n<div class=\"wp-block-kadence-iconlist kt-svg-icon-list-items kt-svg-icon-list-items8351_735558-e0 kt-svg-icon-list-columns-1 alignnone\"><ul class=\"kt-svg-icon-list\">\n<li class=\"wp-block-kadence-listitem kt-svg-icon-list-item-wrap kt-svg-icon-list-item-8351_1058e4-b5\"><span data-name=\"USE_PARENT_DEFAULT_ICON\" data-stroke=\"USE_PARENT_DEFAULT_WIDTH\" data-class=\"kt-svg-icon-list-single\" class=\"kadence-dynamic-icon\"><\/span><span class=\"kt-svg-icon-list-text\">Cas pratiques<\/span><\/li>\n\n\n\n<li class=\"wp-block-kadence-listitem kt-svg-icon-list-item-wrap kt-svg-icon-list-item-8351_6c6264-71\"><span data-name=\"USE_PARENT_DEFAULT_ICON\" data-stroke=\"USE_PARENT_DEFAULT_WIDTH\" data-class=\"kt-svg-icon-list-single\" class=\"kadence-dynamic-icon\"><\/span><span class=\"kt-svg-icon-list-text\">Podcasts<\/span><\/li>\n\n\n\n<li class=\"wp-block-kadence-listitem kt-svg-icon-list-item-wrap kt-svg-icon-list-item-8351_677f91-35\"><span data-name=\"USE_PARENT_DEFAULT_ICON\" data-stroke=\"USE_PARENT_DEFAULT_WIDTH\" data-class=\"kt-svg-icon-list-single\" class=\"kadence-dynamic-icon\"><\/span><span class=\"kt-svg-icon-list-text\">Webinaires<\/span><\/li>\n\n\n\n<li class=\"wp-block-kadence-listitem kt-svg-icon-list-item-wrap kt-svg-icon-list-item-8351_113e61-63\"><span data-name=\"USE_PARENT_DEFAULT_ICON\" data-stroke=\"USE_PARENT_DEFAULT_WIDTH\" data-class=\"kt-svg-icon-list-single\" class=\"kadence-dynamic-icon\"><\/span><span class=\"kt-svg-icon-list-text\">Veille scientifique <\/span><\/li>\n\n\n\n<li class=\"wp-block-kadence-listitem kt-svg-icon-list-item-wrap kt-svg-icon-list-item-8351_9292e8-06\"><span data-name=\"USE_PARENT_DEFAULT_ICON\" data-stroke=\"USE_PARENT_DEFAULT_WIDTH\" data-class=\"kt-svg-icon-list-single\" class=\"kadence-dynamic-icon\"><\/span><span class=\"kt-svg-icon-list-text\">Replays des Reflex&rsquo;Ordo<\/span><\/li>\n<\/ul><\/div>\n<\/div><\/div>\n\n\n\n<p><\/p>\n\t\t\t\t\t\t\t\t<\/div>\n\t\t\t\t<\/div>\n\t\t\t\t<div class=\"elementor-element elementor-element-4b48513 elementor-widget elementor-widget-html\" data-id=\"4b48513\" data-element_type=\"widget\" data-e-type=\"widget\" data-widget_type=\"html.default\">\n\t\t\t\t<div class=\"elementor-widget-container\">\n\t\t\t\t\t<script type=\"text\/javascript\" src=\"https:\/\/pharmaconsult.goodbarber.app\/apiv3\/widget\/1701099347\/\"><\/script>\n\t\t\t\t<\/div>\n\t\t\t\t<\/div>\n\t\t\t\t\t<\/div>\n\t\t<\/div>\n\t\t\t\t\t<\/div>\n\t\t<\/section>\n\t\t\t\t<\/div>\n\t\t","protected":false},"excerpt":{"rendered":"<p>application mobile<\/p>\n","protected":false},"author":1,"featured_media":0,"parent":0,"menu_order":0,"comment_status":"closed","ping_status":"closed","template":"","meta":{"_kad_post_transparent":"","_kad_post_title":"","_kad_post_layout":"default","_kad_post_sidebar_id":"","_kad_post_content_style":"","_kad_post_vertical_padding":"","_kad_post_feature":"","_kad_post_feature_position":"","_kad_post_header":false,"_kad_post_footer":false,"_kad_post_classname":"","footnotes":""},"categories":[],"tags":[],"class_list":["post-8351","page","type-page","status-publish","hentry"],"_links":{"self":[{"href":"https:\/\/pharma-consulting.fr\/index.php\/wp-json\/wp\/v2\/pages\/8351","targetHints":{"allow":["GET"]}}],"collection":[{"href":"https:\/\/pharma-consulting.fr\/index.php\/wp-json\/wp\/v2\/pages"}],"about":[{"href":"https:\/\/pharma-consulting.fr\/index.php\/wp-json\/wp\/v2\/types\/page"}],"author":[{"embeddable":true,"href":"https:\/\/pharma-consulting.fr\/index.php\/wp-json\/wp\/v2\/users\/1"}],"replies":[{"embeddable":true,"href":"https:\/\/pharma-consulting.fr\/index.php\/wp-json\/wp\/v2\/comments?post=8351"}],"version-history":[{"count":0,"href":"https:\/\/pharma-consulting.fr\/index.php\/wp-json\/wp\/v2\/pages\/8351\/revisions"}],"wp:attachment":[{"href":"https:\/\/pharma-consulting.fr\/index.php\/wp-json\/wp\/v2\/media?parent=8351"}],"wp:term":[{"taxonomy":"category","embeddable":true,"href":"https:\/\/pharma-consulting.fr\/index.php\/wp-json\/wp\/v2\/categories?post=8351"},{"taxonomy":"post_tag","embeddable":true,"href":"https:\/\/pharma-consulting.fr\/index.php\/wp-json\/wp\/v2\/tags?post=8351"}],"curies":[{"name":"wp","href":"https:\/\/api.w.org\/{rel}","templated":true}]}}