{"id":7269,"date":"2023-12-08T14:26:44","date_gmt":"2023-12-08T13:26:44","guid":{"rendered":"https:\/\/pharma-consulting.fr\/?page_id=7269"},"modified":"2026-01-09T10:51:16","modified_gmt":"2026-01-09T09:51:16","slug":"reflex-ordo","status":"publish","type":"page","link":"https:\/\/pharma-consulting.fr\/index.php\/reflex-ordo\/","title":{"rendered":"Reflex&rsquo;Ordo"},"content":{"rendered":"\t\t<div data-elementor-type=\"wp-page\" data-elementor-id=\"7269\" class=\"elementor elementor-7269\">\n\t\t\t\t\t\t<section class=\"elementor-section elementor-top-section elementor-element elementor-element-52b6f7f elementor-section-boxed elementor-section-height-default elementor-section-height-default\" data-id=\"52b6f7f\" data-element_type=\"section\" data-e-type=\"section\" data-settings=\"{&quot;background_background&quot;:&quot;classic&quot;}\">\n\t\t\t\t\t\t<div class=\"elementor-container elementor-column-gap-default\">\n\t\t\t\t\t<div class=\"elementor-column elementor-col-50 elementor-top-column elementor-element elementor-element-58d08e8\" data-id=\"58d08e8\" data-element_type=\"column\" data-e-type=\"column\">\n\t\t\t<div class=\"elementor-widget-wrap elementor-element-populated\">\n\t\t\t\t\t\t<div class=\"elementor-element elementor-element-b881ede elementor-widget-mobile__width-initial elementor-widget__width-initial elementor-widget elementor-widget-image\" data-id=\"b881ede\" data-element_type=\"widget\" data-e-type=\"widget\" data-widget_type=\"image.default\">\n\t\t\t\t<div class=\"elementor-widget-container\">\n\t\t\t\t\t\t\t\t\t\t\t\t\t\t\t<img decoding=\"async\" width=\"150\" height=\"150\" src=\"https:\/\/pharma-consulting.fr\/wp-content\/uploads\/2023\/12\/BOOST-150x150.png\" class=\"attachment-thumbnail size-thumbnail wp-image-7360\" alt=\"\" srcset=\"https:\/\/pharma-consulting.fr\/wp-content\/uploads\/2023\/12\/BOOST-150x150.png 150w, https:\/\/pharma-consulting.fr\/wp-content\/uploads\/2023\/12\/BOOST-300x300.png 300w, https:\/\/pharma-consulting.fr\/wp-content\/uploads\/2023\/12\/BOOST.png 500w\" sizes=\"(max-width: 150px) 100vw, 150px\" \/>\t\t\t\t\t\t\t\t\t\t\t\t\t\t\t<\/div>\n\t\t\t\t<\/div>\n\t\t\t\t\t<\/div>\n\t\t<\/div>\n\t\t\t\t<div class=\"elementor-column elementor-col-50 elementor-top-column elementor-element elementor-element-da64931\" data-id=\"da64931\" data-element_type=\"column\" data-e-type=\"column\">\n\t\t\t<div class=\"elementor-widget-wrap elementor-element-populated\">\n\t\t\t\t\t\t<div class=\"elementor-element elementor-element-daf627f elementor-widget elementor-widget-heading\" data-id=\"daf627f\" data-element_type=\"widget\" data-e-type=\"widget\" data-widget_type=\"heading.default\">\n\t\t\t\t<div class=\"elementor-widget-container\">\n\t\t\t\t\t<h2 class=\"elementor-heading-title elementor-size-default\">REFLEX'ORDO<\/h2>\t\t\t\t<\/div>\n\t\t\t\t<\/div>\n\t\t\t\t<div class=\"elementor-element elementor-element-5090ef1 elementor-widget elementor-widget-text-editor\" data-id=\"5090ef1\" data-element_type=\"widget\" data-e-type=\"widget\" data-widget_type=\"text-editor.default\">\n\t\t\t\t<div class=\"elementor-widget-container\">\n\t\t\t\t\t\t\t\t\t<p>Formation 1h\/mois<\/p>\t\t\t\t\t\t\t\t<\/div>\n\t\t\t\t<\/div>\n\t\t\t\t\t<\/div>\n\t\t<\/div>\n\t\t\t\t\t<\/div>\n\t\t<\/section>\n\t\t\t\t<section class=\"elementor-section elementor-top-section elementor-element elementor-element-29b53c9 elementor-section-boxed elementor-section-height-default elementor-section-height-default\" data-id=\"29b53c9\" data-element_type=\"section\" data-e-type=\"section\">\n\t\t\t\t\t\t<div class=\"elementor-container elementor-column-gap-default\">\n\t\t\t\t\t<div class=\"elementor-column elementor-col-50 elementor-top-column elementor-element elementor-element-f769589\" data-id=\"f769589\" data-element_type=\"column\" data-e-type=\"column\" data-settings=\"{&quot;background_background&quot;:&quot;classic&quot;}\">\n\t\t\t<div class=\"elementor-widget-wrap elementor-element-populated\">\n\t\t\t\t\t\t<div class=\"elementor-element elementor-element-a2c2862 elementor-widget elementor-widget-image\" data-id=\"a2c2862\" data-element_type=\"widget\" data-e-type=\"widget\" data-widget_type=\"image.default\">\n\t\t\t\t<div class=\"elementor-widget-container\">\n\t\t\t\t\t\t\t\t\t\t\t\t\t\t\t<img fetchpriority=\"high\" decoding=\"async\" width=\"779\" height=\"366\" src=\"https:\/\/pharma-consulting.fr\/wp-content\/uploads\/2025\/01\/Capture-decran-2024-10-18-153320.png\" class=\"attachment-large size-large wp-image-8269\" alt=\"\" srcset=\"https:\/\/pharma-consulting.fr\/wp-content\/uploads\/2025\/01\/Capture-decran-2024-10-18-153320.png 779w, https:\/\/pharma-consulting.fr\/wp-content\/uploads\/2025\/01\/Capture-decran-2024-10-18-153320-300x141.png 300w, https:\/\/pharma-consulting.fr\/wp-content\/uploads\/2025\/01\/Capture-decran-2024-10-18-153320-768x361.png 768w, https:\/\/pharma-consulting.fr\/wp-content\/uploads\/2025\/01\/Capture-decran-2024-10-18-153320-200x94.png 200w\" sizes=\"(max-width: 779px) 100vw, 779px\" \/>\t\t\t\t\t\t\t\t\t\t\t\t\t\t\t<\/div>\n\t\t\t\t<\/div>\n\t\t\t\t\t<\/div>\n\t\t<\/div>\n\t\t\t\t<div class=\"elementor-column elementor-col-50 elementor-top-column elementor-element elementor-element-27d633b\" data-id=\"27d633b\" data-element_type=\"column\" data-e-type=\"column\" data-settings=\"{&quot;background_background&quot;:&quot;classic&quot;}\">\n\t\t\t<div class=\"elementor-widget-wrap elementor-element-populated\">\n\t\t\t\t\t\t<div class=\"elementor-element elementor-element-99c1509 elementor-widget elementor-widget-heading\" data-id=\"99c1509\" data-element_type=\"widget\" data-e-type=\"widget\" data-widget_type=\"heading.default\">\n\t\t\t\t<div class=\"elementor-widget-container\">\n\t\t\t\t\t<h2 class=\"elementor-heading-title elementor-size-default\">REFLEX'ORDO<\/h2>\t\t\t\t<\/div>\n\t\t\t\t<\/div>\n\t\t\t\t<div class=\"elementor-element elementor-element-6917064 elementor-widget__width-initial elementor-widget elementor-widget-text-editor\" data-id=\"6917064\" data-element_type=\"widget\" data-e-type=\"widget\" data-widget_type=\"text-editor.default\">\n\t\t\t\t<div class=\"elementor-widget-container\">\n\t\t\t\t\t\t\t\t\t<p><strong>Action non DPC<\/strong><br \/>Pour les \u00e9quipes officinales<\/p>\t\t\t\t\t\t\t\t<\/div>\n\t\t\t\t<\/div>\n\t\t\t\t<div class=\"elementor-element elementor-element-c37a724 elementor-arrows-position-inside elementor-pagination-position-outside elementor-widget elementor-widget-image-carousel\" data-id=\"c37a724\" data-element_type=\"widget\" data-e-type=\"widget\" data-settings=\"{&quot;navigation&quot;:&quot;both&quot;,&quot;autoplay&quot;:&quot;yes&quot;,&quot;pause_on_hover&quot;:&quot;yes&quot;,&quot;pause_on_interaction&quot;:&quot;yes&quot;,&quot;autoplay_speed&quot;:5000,&quot;infinite&quot;:&quot;yes&quot;,&quot;speed&quot;:500}\" data-widget_type=\"image-carousel.default\">\n\t\t\t\t<div class=\"elementor-widget-container\">\n\t\t\t\t\t\t\t<div class=\"elementor-image-carousel-wrapper swiper\" role=\"region\" aria-roledescription=\"carousel\" aria-label=\"Carrousel d\u2019images\" dir=\"ltr\">\n\t\t\t<div class=\"elementor-image-carousel swiper-wrapper\" aria-live=\"off\">\n\t\t\t\t\t\t\t\t<div class=\"swiper-slide\" role=\"group\" aria-roledescription=\"slide\" aria-label=\"1 sur 7\"><figure class=\"swiper-slide-inner\"><img decoding=\"async\" class=\"swiper-slide-image\" src=\"https:\/\/pharma-consulting.fr\/wp-content\/uploads\/2025\/01\/Capture-decran-2025-01-27-155926-150x150.png\" alt=\"Capture d&#039;\u00e9cran 2025-01-27 155926\" \/><\/figure><\/div><div class=\"swiper-slide\" role=\"group\" aria-roledescription=\"slide\" aria-label=\"2 sur 7\"><figure class=\"swiper-slide-inner\"><img decoding=\"async\" class=\"swiper-slide-image\" src=\"https:\/\/pharma-consulting.fr\/wp-content\/uploads\/2025\/01\/IMG_3030-150x150.jpg\" alt=\"IMG_3030\" \/><\/figure><\/div><div class=\"swiper-slide\" role=\"group\" aria-roledescription=\"slide\" aria-label=\"3 sur 7\"><figure class=\"swiper-slide-inner\"><img decoding=\"async\" class=\"swiper-slide-image\" src=\"https:\/\/pharma-consulting.fr\/wp-content\/uploads\/2023\/11\/Capture-decran_20230117_142218-150x150.png\" alt=\"Capture d&#039;\u00e9cran_20230117_142218\" \/><\/figure><\/div><div class=\"swiper-slide\" role=\"group\" aria-roledescription=\"slide\" aria-label=\"4 sur 7\"><figure class=\"swiper-slide-inner\"><img decoding=\"async\" class=\"swiper-slide-image\" src=\"https:\/\/pharma-consulting.fr\/wp-content\/uploads\/2023\/12\/Capture-decran-2022-06-03-113019-150x150.jpg\" alt=\"Capture d\u2019\u00e9cran 2022-06-03 113019\" \/><\/figure><\/div><div class=\"swiper-slide\" role=\"group\" aria-roledescription=\"slide\" aria-label=\"5 sur 7\"><figure class=\"swiper-slide-inner\"><img decoding=\"async\" class=\"swiper-slide-image\" src=\"https:\/\/pharma-consulting.fr\/wp-content\/uploads\/2025\/01\/WhatsApp-Image-2025-01-31-a-10.49.33_65f408c3-e1738317174142-150x150.jpg\" alt=\"WhatsApp Image 2025-01-31 \u00e0 10.49.33_65f408c3\" \/><\/figure><\/div><div class=\"swiper-slide\" role=\"group\" aria-roledescription=\"slide\" aria-label=\"6 sur 7\"><figure class=\"swiper-slide-inner\"><img decoding=\"async\" class=\"swiper-slide-image\" src=\"https:\/\/pharma-consulting.fr\/wp-content\/uploads\/2025\/07\/marie-amelie-150x150.png\" alt=\"marie-amelie\" \/><\/figure><\/div><div class=\"swiper-slide\" role=\"group\" aria-roledescription=\"slide\" aria-label=\"7 sur 7\"><figure class=\"swiper-slide-inner\"><img decoding=\"async\" class=\"swiper-slide-image\" src=\"https:\/\/pharma-consulting.fr\/wp-content\/uploads\/2023\/11\/Capture-decran-2022-06-03-142538-150x150.jpg\" alt=\"Capture d\u2019\u00e9cran 2022-06-03 142538\" \/><\/figure><\/div>\t\t\t<\/div>\n\t\t\t\t\t\t\t\t\t\t\t\t<div class=\"elementor-swiper-button elementor-swiper-button-prev\" role=\"button\" tabindex=\"0\">\n\t\t\t\t\t\t<i aria-hidden=\"true\" class=\"eicon-chevron-left\"><\/i>\t\t\t\t\t<\/div>\n\t\t\t\t\t<div class=\"elementor-swiper-button elementor-swiper-button-next\" role=\"button\" tabindex=\"0\">\n\t\t\t\t\t\t<i aria-hidden=\"true\" class=\"eicon-chevron-right\"><\/i>\t\t\t\t\t<\/div>\n\t\t\t\t\n\t\t\t\t\t\t\t\t\t<div class=\"swiper-pagination\"><\/div>\n\t\t\t\t\t\t\t\t\t<\/div>\n\t\t\t\t\t\t<\/div>\n\t\t\t\t<\/div>\n\t\t\t\t<div class=\"elementor-element elementor-element-6c8879e elementor-align-center elementor-widget elementor-widget-button\" data-id=\"6c8879e\" data-element_type=\"widget\" data-e-type=\"widget\" data-widget_type=\"button.default\">\n\t\t\t\t<div class=\"elementor-widget-container\">\n\t\t\t\t\t\t\t\t\t<div class=\"elementor-button-wrapper\">\n\t\t\t\t\t<a class=\"elementor-button elementor-button-link elementor-size-sm\" href=\"https:\/\/www.canva.com\/design\/DAG6RYG78SY\/TErkNhNJJXMNR_Yla93yaA\/view?utm_content=DAG6RYG78SY&#038;utm_campaign=designshare&#038;utm_medium=link2&#038;utm_source=uniquelinks&#038;utlId=had7d914d54\" target=\"_blank\">\n\t\t\t\t\t\t<span class=\"elementor-button-content-wrapper\">\n\t\t\t\t\t\t\t\t\t<span class=\"elementor-button-text\">D\u00e9couvrir le programme<\/span>\n\t\t\t\t\t<\/span>\n\t\t\t\t\t<\/a>\n\t\t\t\t<\/div>\n\t\t\t\t\t\t\t\t<\/div>\n\t\t\t\t<\/div>\n\t\t\t\t\t<\/div>\n\t\t<\/div>\n\t\t\t\t\t<\/div>\n\t\t<\/section>\n\t\t\t\t<section class=\"elementor-section elementor-top-section elementor-element elementor-element-41fcc95 elementor-section-boxed elementor-section-height-default elementor-section-height-default\" data-id=\"41fcc95\" data-element_type=\"section\" data-e-type=\"section\">\n\t\t\t\t\t\t<div class=\"elementor-container elementor-column-gap-default\">\n\t\t\t\t\t<div class=\"elementor-column elementor-col-100 elementor-top-column elementor-element elementor-element-da21d73\" data-id=\"da21d73\" data-element_type=\"column\" data-e-type=\"column\" data-settings=\"{&quot;background_background&quot;:&quot;classic&quot;}\">\n\t\t\t<div class=\"elementor-widget-wrap elementor-element-populated\">\n\t\t\t\t\t\t<div class=\"elementor-element elementor-element-374dbf9 elementor-widget elementor-widget-text-editor\" data-id=\"374dbf9\" data-element_type=\"widget\" data-e-type=\"widget\" data-widget_type=\"text-editor.default\">\n\t\t\t\t<div class=\"elementor-widget-container\">\n\t\t\t\t\t\t\t\t\t<h1>Abonnement 2026<\/h1>\t\t\t\t\t\t\t\t<\/div>\n\t\t\t\t<\/div>\n\t\t\t\t<div class=\"elementor-element elementor-element-b026f15 elementor-widget__width-initial elementor-widget elementor-widget-text-editor\" data-id=\"b026f15\" data-element_type=\"widget\" data-e-type=\"widget\" data-widget_type=\"text-editor.default\">\n\t\t\t\t<div class=\"elementor-widget-container\">\n\t\t\t\t\t\t\t\t\t<h5><strong>Une fois par mois \u00e0 12h45 <\/strong>, suivez <strong>une heure de formation<\/strong> en direct avec un pharmacien expert.<\/h5><h6>Chaque mois, sur un th\u00e8me diff\u00e9rent, vous \u00e9tudierez des cas pratiques, vous analyserez des ordonnances afin d&rsquo;approfondir vos connaissances et r\u00e9activer vos r\u00e9flexes.<\/h6><h6>Un emp\u00eachement ? Pas de panique, <strong>un replay<\/strong> sera disponible sur notre plateforme mobile ouvert jusqu&rsquo;en d\u00e9cembre 2026.<\/h6><h6><strong>Ce n&rsquo;est pas tout !\u00a0<\/strong><br \/><strong>Votre abonnement comprend \u00e9galement notre application mobile dans sa totalit\u00e9.\u00a0<\/strong><br \/>Acc\u00e9dez \u00e0 :<\/h6><ul><li><h6>Reflex&rsquo;Ordo, les replays disponibles toute l&rsquo;ann\u00e9e<\/h6><\/li><li><h6>Reflex&rsquo;Actu, un fil d&rsquo;actualit\u00e9 pour recevoir les informations indispensables au quotidien<\/h6><\/li><li><h6>Des cas pratiques chaque semaine<\/h6><\/li><li><h6>Notre veille scientifique mensuelle<\/h6><\/li><li><h6>Les replays de webinaires<\/h6><\/li><li><h6>Des podcasts<\/h6><\/li><\/ul>\t\t\t\t\t\t\t\t<\/div>\n\t\t\t\t<\/div>\n\t\t\t\t<div class=\"elementor-element elementor-element-a2c827c elementor-widget elementor-widget-spacer\" data-id=\"a2c827c\" data-element_type=\"widget\" data-e-type=\"widget\" data-widget_type=\"spacer.default\">\n\t\t\t\t<div class=\"elementor-widget-container\">\n\t\t\t\t\t\t\t<div class=\"elementor-spacer\">\n\t\t\t<div class=\"elementor-spacer-inner\"><\/div>\n\t\t<\/div>\n\t\t\t\t\t\t<\/div>\n\t\t\t\t<\/div>\n\t\t\t\t\t<\/div>\n\t\t<\/div>\n\t\t\t\t\t<\/div>\n\t\t<\/section>\n\t\t\t\t<section class=\"elementor-section elementor-top-section elementor-element elementor-element-85f1c8a elementor-section-boxed elementor-section-height-default elementor-section-height-default\" data-id=\"85f1c8a\" data-element_type=\"section\" data-e-type=\"section\" data-settings=\"{&quot;background_background&quot;:&quot;classic&quot;}\">\n\t\t\t\t\t\t<div class=\"elementor-container elementor-column-gap-default\">\n\t\t\t\t\t<div class=\"elementor-column elementor-col-25 elementor-top-column elementor-element elementor-element-816ef6c\" data-id=\"816ef6c\" data-element_type=\"column\" data-e-type=\"column\" data-settings=\"{&quot;background_background&quot;:&quot;classic&quot;}\">\n\t\t\t<div class=\"elementor-widget-wrap elementor-element-populated\">\n\t\t\t\t\t\t<div class=\"elementor-element elementor-element-4ec9f0d elementor-widget elementor-widget-text-editor\" data-id=\"4ec9f0d\" data-element_type=\"widget\" data-e-type=\"widget\" data-widget_type=\"text-editor.default\">\n\t\t\t\t<div class=\"elementor-widget-container\">\n\t\t\t\t\t\t\t\t\t<p>D\u00e9tails de la formation\u00a0 \u00a0 \u00a0<\/p>\t\t\t\t\t\t\t\t<\/div>\n\t\t\t\t<\/div>\n\t\t\t\t<section class=\"elementor-section elementor-inner-section elementor-element elementor-element-4a28950 elementor-section-boxed elementor-section-height-default elementor-section-height-default\" data-id=\"4a28950\" data-element_type=\"section\" data-e-type=\"section\">\n\t\t\t\t\t\t<div class=\"elementor-container elementor-column-gap-default\">\n\t\t\t\t\t<div class=\"elementor-column elementor-col-50 elementor-inner-column elementor-element elementor-element-1e40038\" data-id=\"1e40038\" data-element_type=\"column\" data-e-type=\"column\">\n\t\t\t<div class=\"elementor-widget-wrap elementor-element-populated\">\n\t\t\t\t\t\t<div class=\"elementor-element elementor-element-9f42dc9 elementor-widget elementor-widget-image\" data-id=\"9f42dc9\" data-element_type=\"widget\" data-e-type=\"widget\" data-widget_type=\"image.default\">\n\t\t\t\t<div class=\"elementor-widget-container\">\n\t\t\t\t\t\t\t\t\t\t\t\t\t\t\t<img decoding=\"async\" width=\"500\" height=\"500\" src=\"https:\/\/pharma-consulting.fr\/wp-content\/uploads\/2023\/11\/Elegant-Circle-Signature-Photography-Logo.png\" class=\"attachment-large size-large wp-image-6484\" alt=\"\" srcset=\"https:\/\/pharma-consulting.fr\/wp-content\/uploads\/2023\/11\/Elegant-Circle-Signature-Photography-Logo.png 500w, https:\/\/pharma-consulting.fr\/wp-content\/uploads\/2023\/11\/Elegant-Circle-Signature-Photography-Logo-300x300.png 300w, https:\/\/pharma-consulting.fr\/wp-content\/uploads\/2023\/11\/Elegant-Circle-Signature-Photography-Logo-150x150.png 150w, https:\/\/pharma-consulting.fr\/wp-content\/uploads\/2023\/11\/elementor\/thumbs\/Elegant-Circle-Signature-Photography-Logo-qeymhhdapr6jeae1qw4zbn8cgx28lj728i5wzkf0xg.png 50w, https:\/\/pharma-consulting.fr\/wp-content\/uploads\/2023\/11\/elementor\/thumbs\/Elegant-Circle-Signature-Photography-Logo-qeymhhdb2wtgvou62kebygvus4bq725s01jgtzk6xs.png 80w, https:\/\/pharma-consulting.fr\/wp-content\/uploads\/2023\/11\/elementor\/thumbs\/Elegant-Circle-Signature-Photography-Logo-qeymhhdayixtpw0smob7qv00odwkbvu7ev2y7uigxo.png 70w\" sizes=\"(max-width: 500px) 100vw, 500px\" \/>\t\t\t\t\t\t\t\t\t\t\t\t\t\t\t<\/div>\n\t\t\t\t<\/div>\n\t\t\t\t<div class=\"elementor-element elementor-element-5b591af elementor-widget__width-initial elementor-widget elementor-widget-text-editor\" data-id=\"5b591af\" data-element_type=\"widget\" data-e-type=\"widget\" data-widget_type=\"text-editor.default\">\n\t\t\t\t<div class=\"elementor-widget-container\">\n\t\t\t\t\t\t\t\t\t<p style=\"text-align: center;\">DISTANCIEL<\/p>\t\t\t\t\t\t\t\t<\/div>\n\t\t\t\t<\/div>\n\t\t\t\t\t<\/div>\n\t\t<\/div>\n\t\t\t\t<div class=\"elementor-column elementor-col-50 elementor-inner-column elementor-element elementor-element-cf2a959\" data-id=\"cf2a959\" data-element_type=\"column\" data-e-type=\"column\">\n\t\t\t<div class=\"elementor-widget-wrap elementor-element-populated\">\n\t\t\t\t\t\t<div class=\"elementor-element elementor-element-543e1c7 elementor-widget__width-initial elementor-widget elementor-widget-image\" data-id=\"543e1c7\" data-element_type=\"widget\" data-e-type=\"widget\" data-widget_type=\"image.default\">\n\t\t\t\t<div class=\"elementor-widget-container\">\n\t\t\t\t\t\t\t\t\t\t\t\t\t\t\t<img decoding=\"async\" src=\"https:\/\/pharma-consulting.fr\/wp-content\/uploads\/elementor\/thumbs\/logo-temps-qeytkd9s77uxz9sa9un8vjhrntlpl5pwgfkx30l9oc.png\" title=\"logo-temps\" alt=\"logo-temps\" loading=\"lazy\" \/>\t\t\t\t\t\t\t\t\t\t\t\t\t\t\t<\/div>\n\t\t\t\t<\/div>\n\t\t\t\t<div class=\"elementor-element elementor-element-fa7fe7d elementor-widget__width-initial elementor-widget elementor-widget-text-editor\" data-id=\"fa7fe7d\" data-element_type=\"widget\" data-e-type=\"widget\" data-widget_type=\"text-editor.default\">\n\t\t\t\t<div class=\"elementor-widget-container\">\n\t\t\t\t\t\t\t\t\t<p style=\"text-align: center;\">1 HEURE\/MOIS<\/p>\t\t\t\t\t\t\t\t<\/div>\n\t\t\t\t<\/div>\n\t\t\t\t\t<\/div>\n\t\t<\/div>\n\t\t\t\t\t<\/div>\n\t\t<\/section>\n\t\t\t\t\t<\/div>\n\t\t<\/div>\n\t\t\t\t<div class=\"elementor-column elementor-col-25 elementor-top-column elementor-element elementor-element-dd20cbd\" data-id=\"dd20cbd\" data-element_type=\"column\" data-e-type=\"column\" data-settings=\"{&quot;background_background&quot;:&quot;classic&quot;}\">\n\t\t\t<div class=\"elementor-widget-wrap elementor-element-populated\">\n\t\t\t\t\t\t<div class=\"elementor-element elementor-element-8fb6bab elementor-widget elementor-widget-text-editor\" data-id=\"8fb6bab\" data-element_type=\"widget\" data-e-type=\"widget\" data-widget_type=\"text-editor.default\">\n\t\t\t\t<div class=\"elementor-widget-container\">\n\t\t\t\t\t\t\t\t\t<p>Sans prises en charge\u00a0 \u00a0 \u00a0 \u00a0 \u00a0 \u00a0<\/p>\t\t\t\t\t\t\t\t<\/div>\n\t\t\t\t<\/div>\n\t\t\t\t\t<\/div>\n\t\t<\/div>\n\t\t\t\t<div class=\"elementor-column elementor-col-25 elementor-top-column elementor-element elementor-element-fb9c185\" data-id=\"fb9c185\" data-element_type=\"column\" data-e-type=\"column\" data-settings=\"{&quot;background_background&quot;:&quot;classic&quot;}\">\n\t\t\t<div class=\"elementor-widget-wrap elementor-element-populated\">\n\t\t\t\t\t\t<div class=\"elementor-element elementor-element-39b4f1b elementor-widget elementor-widget-text-editor\" data-id=\"39b4f1b\" data-element_type=\"widget\" data-e-type=\"widget\" data-widget_type=\"text-editor.default\">\n\t\t\t\t<div class=\"elementor-widget-container\">\n\t\t\t\t\t\t\t\t\t<p>Tarif&nbsp; &nbsp; &nbsp; &nbsp; &nbsp; &nbsp; &nbsp; &nbsp; &nbsp; &nbsp; &nbsp;<\/p>\t\t\t\t\t\t\t\t<\/div>\n\t\t\t\t<\/div>\n\t\t\t\t<div class=\"elementor-element elementor-element-4065c46 elementor-widget elementor-widget-counter\" data-id=\"4065c46\" data-element_type=\"widget\" data-e-type=\"widget\" data-widget_type=\"counter.default\">\n\t\t\t\t<div class=\"elementor-widget-container\">\n\t\t\t\t\t\t\t<div class=\"elementor-counter\">\n\t\t\t<div class=\"elementor-counter-title\">tarif \u00e9quipe jusqu'\u00e0 10 personnes<\/div>\t\t\t<div class=\"elementor-counter-number-wrapper\">\n\t\t\t\t<span class=\"elementor-counter-number-prefix\"><\/span>\n\t\t\t\t<span class=\"elementor-counter-number\" data-duration=\"2000\" data-to-value=\"250\" data-from-value=\"100\" data-delimiter=\",\">100<\/span>\n\t\t\t\t<span class=\"elementor-counter-number-suffix\">\u20ac HT<\/span>\n\t\t\t<\/div>\n\t\t<\/div>\n\t\t\t\t\t\t<\/div>\n\t\t\t\t<\/div>\n\t\t\t\t<div class=\"elementor-element elementor-element-014e435 elementor-widget elementor-widget-text-editor\" data-id=\"014e435\" data-element_type=\"widget\" data-e-type=\"widget\" data-widget_type=\"text-editor.default\">\n\t\t\t\t<div class=\"elementor-widget-container\">\n\t\t\t\t\t\t\t\t\t<p>500 \u20ac HT jusqu&rsquo;\u00e0 20 personnes<br \/>750 \u20ac HT au dessus de 20 personnes<\/p>\t\t\t\t\t\t\t\t<\/div>\n\t\t\t\t<\/div>\n\t\t\t\t\t<\/div>\n\t\t<\/div>\n\t\t\t\t<div class=\"elementor-column elementor-col-25 elementor-top-column elementor-element elementor-element-ac9a829\" data-id=\"ac9a829\" data-element_type=\"column\" data-e-type=\"column\" data-settings=\"{&quot;background_background&quot;:&quot;classic&quot;}\">\n\t\t\t<div class=\"elementor-widget-wrap elementor-element-populated\">\n\t\t\t\t\t\t<div class=\"elementor-element elementor-element-4466fb5 elementor-widget elementor-widget-text-editor\" data-id=\"4466fb5\" data-element_type=\"widget\" data-e-type=\"widget\" data-widget_type=\"text-editor.default\">\n\t\t\t\t<div class=\"elementor-widget-container\">\n\t\t\t\t\t\t\t\t\t<p>Inscription<\/p>\t\t\t\t\t\t\t\t<\/div>\n\t\t\t\t<\/div>\n\t\t\t\t<div class=\"elementor-element elementor-element-4510b19 elementor-widget__width-initial elementor-align-left elementor-widget elementor-widget-button\" data-id=\"4510b19\" data-element_type=\"widget\" data-e-type=\"widget\" data-widget_type=\"button.default\">\n\t\t\t\t<div class=\"elementor-widget-container\">\n\t\t\t\t\t\t\t\t\t<div class=\"elementor-button-wrapper\">\n\t\t\t\t\t<a class=\"elementor-button elementor-button-link elementor-size-sm\" href=\"https:\/\/kxo-solutions.com\/app\/#\/public\/pharma-consulting\/reflexordo-2026-155608\" target=\"_blank\">\n\t\t\t\t\t\t<span class=\"elementor-button-content-wrapper\">\n\t\t\t\t\t\t\t\t\t<span class=\"elementor-button-text\">Adh\u00e9rer<\/span>\n\t\t\t\t\t<\/span>\n\t\t\t\t\t<\/a>\n\t\t\t\t<\/div>\n\t\t\t\t\t\t\t\t<\/div>\n\t\t\t\t<\/div>\n\t\t\t\t<div class=\"elementor-element elementor-element-0f4b7fd elementor-widget elementor-widget-text-editor\" data-id=\"0f4b7fd\" data-element_type=\"widget\" data-e-type=\"widget\" data-widget_type=\"text-editor.default\">\n\t\t\t\t<div class=\"elementor-widget-container\">\n\t\t\t\t\t\t\t\t\t<p>Nous contacter : <a href=\"https:\/\/pharma-consulting.fr\/index.php\/contact\/\">Contact<\/a><\/p>\t\t\t\t\t\t\t\t<\/div>\n\t\t\t\t<\/div>\n\t\t\t\t\t<\/div>\n\t\t<\/div>\n\t\t\t\t\t<\/div>\n\t\t<\/section>\n\t\t\t\t<\/div>\n\t\t","protected":false},"excerpt":{"rendered":"<p>REFLEX&rsquo;ORDO Formation 1h\/mois REFLEX&rsquo;ORDO Action non DPCPour les \u00e9quipes officinales D\u00e9couvrir le programme Abonnement 2026 Une fois par mois \u00e0 12h45 , suivez une heure de formation en direct avec&#8230;<\/p>\n","protected":false},"author":1,"featured_media":0,"parent":0,"menu_order":0,"comment_status":"closed","ping_status":"closed","template":"","meta":{"_kad_post_transparent":"","_kad_post_title":"hide","_kad_post_layout":"fullwidth","_kad_post_sidebar_id":"","_kad_post_content_style":"unboxed","_kad_post_vertical_padding":"hide","_kad_post_feature":"hide","_kad_post_feature_position":"","_kad_post_header":false,"_kad_post_footer":false,"_kad_post_classname":"","footnotes":""},"categories":[31,13,9,10],"tags":[],"class_list":["post-7269","page","type-page","status-publish","hentry","category-autres-formations","category-format-classe-virtuelle","category-formations-pharmaciens","category-formations-preparateurs"],"_links":{"self":[{"href":"https:\/\/pharma-consulting.fr\/index.php\/wp-json\/wp\/v2\/pages\/7269","targetHints":{"allow":["GET"]}}],"collection":[{"href":"https:\/\/pharma-consulting.fr\/index.php\/wp-json\/wp\/v2\/pages"}],"about":[{"href":"https:\/\/pharma-consulting.fr\/index.php\/wp-json\/wp\/v2\/types\/page"}],"author":[{"embeddable":true,"href":"https:\/\/pharma-consulting.fr\/index.php\/wp-json\/wp\/v2\/users\/1"}],"replies":[{"embeddable":true,"href":"https:\/\/pharma-consulting.fr\/index.php\/wp-json\/wp\/v2\/comments?post=7269"}],"version-history":[{"count":16,"href":"https:\/\/pharma-consulting.fr\/index.php\/wp-json\/wp\/v2\/pages\/7269\/revisions"}],"predecessor-version":[{"id":8892,"href":"https:\/\/pharma-consulting.fr\/index.php\/wp-json\/wp\/v2\/pages\/7269\/revisions\/8892"}],"wp:attachment":[{"href":"https:\/\/pharma-consulting.fr\/index.php\/wp-json\/wp\/v2\/media?parent=7269"}],"wp:term":[{"taxonomy":"category","embeddable":true,"href":"https:\/\/pharma-consulting.fr\/index.php\/wp-json\/wp\/v2\/categories?post=7269"},{"taxonomy":"post_tag","embeddable":true,"href":"https:\/\/pharma-consulting.fr\/index.php\/wp-json\/wp\/v2\/tags?post=7269"}],"curies":[{"name":"wp","href":"https:\/\/api.w.org\/{rel}","templated":true}]}}