{"id":5245,"date":"2022-09-16T10:53:41","date_gmt":"2022-09-16T08:53:41","guid":{"rendered":"https:\/\/pharma-consulting.fr\/?page_id=5245"},"modified":"2022-09-16T10:53:42","modified_gmt":"2022-09-16T08:53:42","slug":"politique-de-confidentialite","status":"publish","type":"page","link":"https:\/\/pharma-consulting.fr\/index.php\/politique-de-confidentialite\/","title":{"rendered":"Politique de confidentialit\u00e9"},"content":{"rendered":"\n<p>Vous vous appr\u00eatez \u00e0 utiliser les services fournis par la soci\u00e9t\u00e9 Pharmaconsulting, qui sera amen\u00e9e \u00e0 collecter et traiter des informations \u00ab&nbsp;donn\u00e9es personnelles&nbsp;\u00bb qui vous concernent et\/ou permettent de vous identifier. Vous trouverez ci-dessous le d\u00e9tail de notre politique de confidentialit\u00e9 afin de vous \u00e9clairer sur la mani\u00e8re dont nous collectons et traitons vos donn\u00e9es personnelles. Pour toute question relative \u00e0 cette charte, vous pouvez contacter notre d\u00e9l\u00e9gu\u00e9 \u00e0 la protection des donn\u00e9es (DPO) \u00e0 l\u2019adresse suivante : <a href=\"mailto:support@pharma-consulting.fr\">support@pharma-consulting.fr<\/a><\/p>\n\n\n\n<ul class=\"wp-block-list\"><li>Qui est Responsable du traitement et de la protection de vos donn\u00e9es personnelles&nbsp;?<\/li><\/ul>\n\n\n\n<p>La personne identifi\u00e9e comme \u00ab responsable du traitement \u00bb au sens de la loi applicable est Mme THIERRY DURIOT Maryne, directrice de Pharmaconsulting.<\/p>\n\n\n\n<ul class=\"wp-block-list\"><li><strong>POURQUOI SOMMES NOUS AMENES A COLLECTER CERTAINES DONNEES PERSONNELLES&nbsp;?<\/strong><\/li><\/ul>\n\n\n\n<p>Pour nous permettre d\u2019assurer le bon fonctionnement de nos services (gestion des acc\u00e8s cf. droits d\u2019acc\u00e8s, comptes abonn\u00e9s&nbsp;; des campagnes d\u2019information&nbsp;; des abonnements&nbsp;; fonctionnement de nos services sur vos terminaux&nbsp;; int\u00e9gration de nouvelles fonctionnalit\u00e9s&nbsp;; \u2026)<\/p>\n\n\n\n<ul class=\"wp-block-list\"><li>Quelle donn\u00e9e pour quelle utilisation ?<\/li><li>L\u2019ensemble des donn\u00e9es que vous nous communiquez volontairement dans le cadre de votre acc\u00e8s \u00e0 nos services, par exemple les donn\u00e9es personnelles de type adresse \u00e9lectronique, nom, pr\u00e9nom, \u00e2ge, num\u00e9ro de t\u00e9l\u00e9phone, \u2026<\/li><li>Dans le cadre de nos \u00e9changes, lors d\u2019une inscription \u00e0 un abonnement, \u00e0 une newsletter, \u00e0 une webconf\u00e9rence, ou \u00e0 toute autre prestation que Pharmaconsulting pourrait \u00eatre amen\u00e9e \u00e0 proposer au sein de l\u2019application.<\/li><li>Dans le cadre du suivi de vos demandes, nous pouvons \u00eatre amen\u00e9s \u00e0 conserver certaines de vos donn\u00e9es personnelles.<\/li><li>Dans le cadre du recueil de cookies (t\u00e9moins de navigation et de connexion). Les cookies peuvent \u00eatre utilis\u00e9s pour une authentification, une session et pour stocker une information sp\u00e9cifique sur l&rsquo;utilisateur, comme les pr\u00e9f\u00e9rences d&rsquo;un site ou le contenu d&rsquo;un panier d&rsquo;achat \u00e9lectronique. M\u00eame s\u2019ils n\u2019ont pour objet de vous identifier personnellement, ils peuvent contenir certaines donn\u00e9es personnelles. Nous vous rappelons que vous pouvez le traitement de ces cookies au sein de votre navigateur internet. Pharmaconsulting sera amen\u00e9 \u00e0 collecter certaines donn\u00e9es personnelles, permettant d\u2019identifier les outils mat\u00e9riels et logiciels utilis\u00e9s pour acc\u00e9der \u00e0 nos services tels que les \u00e9quipements (adresse IP de votre ordinateur, identifiant smartphone, etc.), le syst\u00e8me d\u2019exploitation, le nom et la version du logiciel de navigation, ainsi que vos habitudes d\u2019utilisation de nos services.<\/li><li>Dans le cadre du recueil automatique des donn\u00e9es statistiques. Concernant les donn\u00e9es statistiques anonymes (notamment sur l\u2019utilisation de nos services), nous rappelons qu\u2019elles ne contiennent pas de donn\u00e9es personnelles et n\u2019impactent en aucun cas votre vie priv\u00e9e.<\/li><li>Dans le cadre des donn\u00e9es issues des protocoles de l\u2019internet, telles que les scripts, les balises-web (\u00e9ventuellement invisibles) ou les redirections automatiques (d\u2019une page vers une autre). Ces technologies nous communiquent des informations sur votre utilisation de nos services.<\/li><li>Dans le cadre des donn\u00e9es techniques des terminaux mobiles, qui par exemple permettent l\u2019envoi de notifications en fonction de votre localisation.<\/li><li>Dans le cadre des donn\u00e9es d\u00e9duites par recoupement, qui permettent \u00e0 partir d\u2019un faisceau de donn\u00e9es existantes g\u00e9n\u00e9rales et anonymes, de d\u00e9duire certaines informations vous concernant par recoupement ou extrapolation statistique. Important, vous pouvez \u00e0 tout moment emp\u00eacher que certaines donn\u00e9es ne soient communiqu\u00e9es par ce biais en configurant votre terminal pour qu\u2019il ne les communique pas.<\/li><\/ul>\n\n\n\n<ul class=\"wp-block-list\"><li>PROTECTION TECHNIQUE DE VOS DONNEeS ET Temps de conservation<\/li><\/ul>\n\n\n\n<p>Pharmaconsulting s\u2019engage \u00e0 mettre en \u0153uvre des mesures techniques de protection conform\u00e9ment \u00e0 la r\u00e8glementation applicable.<\/p>\n\n\n\n<p>Toutes les donn\u00e9es sont conserv\u00e9es pendant le temps de votre utilisation des Services, et\/ou pendant la dur\u00e9e de l\u2019abonnement soit un an dans le but de permettre des restaurations de compte en cas de r\u00e9abonnement, et\/ou \u00e0 des fins de relance d\u2019abonnement ou d\u2019offres \u00e9manant de Pharmaconsulting.<\/p>\n\n\n\n<ul class=\"wp-block-list\"><li>Qui peut acc\u00e8der aux donn\u00e9es personnelles collectees ?<\/li><li>Les personnes directement salari\u00e9es ou missionn\u00e9es par Pharmaconsulting pour assurer les traitements et finalit\u00e9s pr\u00e9vus dans la pr\u00e9sente charte.<\/li><li>Concernant les prestataires informatiques, Pharmaconsulting s\u2019assure de la protection de vos donn\u00e9es en passant des accords avec ces prestataires, afin de garantir la protection et la s\u00e9curit\u00e9 de vos donn\u00e9es. En tant que principal partenaire technique, Goodbarber s\u2019engage \u00e0 respecter la protection et la s\u00e9curit\u00e9 de vos donn\u00e9es. Vous pouvez consulter leur politique de confidentialit\u00e9 via le lien suivant&nbsp;: <a href=\"https:\/\/fr.goodbarber.com\/privacy\/\">Politique de confidentialit\u00e9 | GoodBarber<\/a>, ainsi que la gestion des cookies&nbsp;<a href=\"https:\/\/fr.goodbarber.com\/cookies\/\">Politique concernant les cookies | GoodBarber<\/a><\/li><li>Concernant les autorit\u00e9s polici\u00e8res, judiciaires et administratives, Pharmaconsulting s\u2019engage \u00e0 respecter les obligations vis-\u00e0-vis de la s\u00e9curit\u00e9 et du respect des droits, et \u00e0 ne communiquer que les informations obligatoires sur un plan l\u00e9gal.<\/li><\/ul>\n\n\n\n<ul class=\"wp-block-list\"><li>Vos droits<\/li><li>Vous disposez du droit d\u2019acc\u00e9der, de rectifier, mettre \u00e0 jour, modifier ou supprimer les donn\u00e9es personnelles que nous d\u00e9tenons. Pour exercer ces droits ou nous demander toute information \u00e0 ce sujet, merci de nous contacter par mail \u00e0 <a href=\"mailto:support@pharma-consulting.fr\">support@pharma-consulting.fr<\/a><\/li><li>Vous disposez du droit de refuser l\u2019utilisation des cookies dont l\u2019utilisation n\u2019est pas n\u00e9cessaire au fonctionnement correct des Services. Ce refus peut \u00eatre configur\u00e9 via les param\u00e8tres de votre navigateur internet ou via les fonctionnalit\u00e9s que nous proposons sur l\u2019application.<\/li><\/ul>\n\n\n\n<p>Pour toute question relative \u00e0 la r\u00e9glementation pour le traitement des donn\u00e9es personnelles : <a href=\"http:\/\/www.cnil.fr\">www.cnil.fr<\/a><\/p>\n\n\n\n<p><\/p>\n","protected":false},"excerpt":{"rendered":"<p>Vous vous appr\u00eatez \u00e0 utiliser les services fournis par la soci\u00e9t\u00e9 Pharmaconsulting, qui sera amen\u00e9e \u00e0 collecter et traiter des informations \u00ab&nbsp;donn\u00e9es personnelles&nbsp;\u00bb qui vous concernent et\/ou permettent de vous&#8230;<\/p>\n","protected":false},"author":1,"featured_media":0,"parent":0,"menu_order":0,"comment_status":"closed","ping_status":"closed","template":"","meta":{"_kad_post_transparent":"","_kad_post_title":"","_kad_post_layout":"","_kad_post_sidebar_id":"","_kad_post_content_style":"","_kad_post_vertical_padding":"","_kad_post_feature":"","_kad_post_feature_position":"","_kad_post_header":false,"_kad_post_footer":false,"_kad_post_classname":"","footnotes":""},"categories":[],"tags":[],"class_list":["post-5245","page","type-page","status-publish","hentry"],"_links":{"self":[{"href":"https:\/\/pharma-consulting.fr\/index.php\/wp-json\/wp\/v2\/pages\/5245","targetHints":{"allow":["GET"]}}],"collection":[{"href":"https:\/\/pharma-consulting.fr\/index.php\/wp-json\/wp\/v2\/pages"}],"about":[{"href":"https:\/\/pharma-consulting.fr\/index.php\/wp-json\/wp\/v2\/types\/page"}],"author":[{"embeddable":true,"href":"https:\/\/pharma-consulting.fr\/index.php\/wp-json\/wp\/v2\/users\/1"}],"replies":[{"embeddable":true,"href":"https:\/\/pharma-consulting.fr\/index.php\/wp-json\/wp\/v2\/comments?post=5245"}],"version-history":[{"count":0,"href":"https:\/\/pharma-consulting.fr\/index.php\/wp-json\/wp\/v2\/pages\/5245\/revisions"}],"wp:attachment":[{"href":"https:\/\/pharma-consulting.fr\/index.php\/wp-json\/wp\/v2\/media?parent=5245"}],"wp:term":[{"taxonomy":"category","embeddable":true,"href":"https:\/\/pharma-consulting.fr\/index.php\/wp-json\/wp\/v2\/categories?post=5245"},{"taxonomy":"post_tag","embeddable":true,"href":"https:\/\/pharma-consulting.fr\/index.php\/wp-json\/wp\/v2\/tags?post=5245"}],"curies":[{"name":"wp","href":"https:\/\/api.w.org\/{rel}","templated":true}]}}