{"id":100,"date":"2017-12-27T21:59:07","date_gmt":"2017-12-27T20:59:07","guid":{"rendered":"http:\/\/pharma-consulting.fr\/?page_id=100"},"modified":"2025-09-11T10:06:20","modified_gmt":"2025-09-11T08:06:20","slug":"qualite","status":"publish","type":"page","link":"https:\/\/pharma-consulting.fr\/index.php\/qui-sommes-nous\/qualite\/","title":{"rendered":"Qualit\u00e9"},"content":{"rendered":"\t\t<div data-elementor-type=\"wp-page\" data-elementor-id=\"100\" class=\"elementor elementor-100\">\n\t\t\t\t\t\t<section class=\"elementor-section elementor-top-section elementor-element elementor-element-7555b7e1 elementor-section-boxed elementor-section-height-default elementor-section-height-default\" data-id=\"7555b7e1\" data-element_type=\"section\" data-e-type=\"section\" data-settings=\"{&quot;background_background&quot;:&quot;classic&quot;}\">\n\t\t\t\t\t\t\t<div class=\"elementor-background-overlay\"><\/div>\n\t\t\t\t\t\t\t<div class=\"elementor-container elementor-column-gap-default\">\n\t\t\t\t\t<div class=\"elementor-column elementor-col-100 elementor-top-column elementor-element elementor-element-741d8755\" data-id=\"741d8755\" data-element_type=\"column\" data-e-type=\"column\" data-settings=\"{&quot;background_background&quot;:&quot;classic&quot;}\">\n\t\t\t<div class=\"elementor-widget-wrap elementor-element-populated\">\n\t\t\t\t\t\t<div class=\"elementor-element elementor-element-1d547cc5 elementor-widget elementor-widget-heading\" data-id=\"1d547cc5\" data-element_type=\"widget\" data-e-type=\"widget\" data-widget_type=\"heading.default\">\n\t\t\t\t<div class=\"elementor-widget-container\">\n\t\t\t\t\t<h2 class=\"elementor-heading-title elementor-size-default\">d\u00e9marche Qualit\u00e9<\/h2>\t\t\t\t<\/div>\n\t\t\t\t<\/div>\n\t\t\t\t<section class=\"elementor-section elementor-inner-section elementor-element elementor-element-f3dec82 elementor-section-boxed elementor-section-height-default elementor-section-height-default\" data-id=\"f3dec82\" data-element_type=\"section\" data-e-type=\"section\">\n\t\t\t\t\t\t<div class=\"elementor-container elementor-column-gap-default\">\n\t\t\t\t\t<div class=\"elementor-column elementor-col-50 elementor-inner-column elementor-element elementor-element-40871d33\" data-id=\"40871d33\" data-element_type=\"column\" data-e-type=\"column\" data-settings=\"{&quot;background_background&quot;:&quot;classic&quot;}\">\n\t\t\t<div class=\"elementor-widget-wrap elementor-element-populated\">\n\t\t\t\t\t\t<div class=\"elementor-element elementor-element-70698ba7 elementor-align-center elementor-widget elementor-widget-button\" data-id=\"70698ba7\" data-element_type=\"widget\" data-e-type=\"widget\" data-widget_type=\"button.default\">\n\t\t\t\t<div class=\"elementor-widget-container\">\n\t\t\t\t\t\t\t\t\t<div class=\"elementor-button-wrapper\">\n\t\t\t\t\t<a class=\"elementor-button elementor-button-link elementor-size-sm\" href=\"https:\/\/pharma-consulting.fr\/index.php\/certification-qualiopi\/\">\n\t\t\t\t\t\t<span class=\"elementor-button-content-wrapper\">\n\t\t\t\t\t\t\t\t\t<span class=\"elementor-button-text\">Qualiopi<\/span>\n\t\t\t\t\t<\/span>\n\t\t\t\t\t<\/a>\n\t\t\t\t<\/div>\n\t\t\t\t\t\t\t\t<\/div>\n\t\t\t\t<\/div>\n\t\t\t\t<div class=\"elementor-element elementor-element-e7a8e6a elementor-widget__width-inherit elementor-widget elementor-widget-image\" data-id=\"e7a8e6a\" data-element_type=\"widget\" data-e-type=\"widget\" data-widget_type=\"image.default\">\n\t\t\t\t<div class=\"elementor-widget-container\">\n\t\t\t\t\t\t\t\t\t\t\t\t\t\t\t<img fetchpriority=\"high\" decoding=\"async\" width=\"300\" height=\"180\" src=\"https:\/\/pharma-consulting.fr\/wp-content\/uploads\/2023\/12\/La-certification-qualite-a-ete-delivree-au-titre-de-la-categorie-daction-suivante-action-de-formation-Logo-e1701692867176-300x180.png\" class=\"attachment-medium size-medium wp-image-7291\" alt=\"\" srcset=\"https:\/\/pharma-consulting.fr\/wp-content\/uploads\/2023\/12\/La-certification-qualite-a-ete-delivree-au-titre-de-la-categorie-daction-suivante-action-de-formation-Logo-e1701692867176-300x180.png 300w, https:\/\/pharma-consulting.fr\/wp-content\/uploads\/2023\/12\/La-certification-qualite-a-ete-delivree-au-titre-de-la-categorie-daction-suivante-action-de-formation-Logo-e1701692867176.png 420w\" sizes=\"(max-width: 300px) 100vw, 300px\" \/>\t\t\t\t\t\t\t\t\t\t\t\t\t\t\t<\/div>\n\t\t\t\t<\/div>\n\t\t\t\t\t<\/div>\n\t\t<\/div>\n\t\t\t\t<div class=\"elementor-column elementor-col-50 elementor-inner-column elementor-element elementor-element-43213ce2\" data-id=\"43213ce2\" data-element_type=\"column\" data-e-type=\"column\" data-settings=\"{&quot;background_background&quot;:&quot;classic&quot;}\">\n\t\t\t<div class=\"elementor-widget-wrap elementor-element-populated\">\n\t\t\t\t\t\t<div class=\"elementor-element elementor-element-58ad9658 elementor-align-center elementor-widget elementor-widget-button\" data-id=\"58ad9658\" data-element_type=\"widget\" data-e-type=\"widget\" data-widget_type=\"button.default\">\n\t\t\t\t<div class=\"elementor-widget-container\">\n\t\t\t\t\t\t\t\t\t<div class=\"elementor-button-wrapper\">\n\t\t\t\t\t<a class=\"elementor-button elementor-button-link elementor-size-sm\" href=\"https:\/\/pharma-consulting.fr\/index.php\/enregistrement-a-landpc\/\">\n\t\t\t\t\t\t<span class=\"elementor-button-content-wrapper\">\n\t\t\t\t\t\t\t\t\t<span class=\"elementor-button-text\">ODPC<\/span>\n\t\t\t\t\t<\/span>\n\t\t\t\t\t<\/a>\n\t\t\t\t<\/div>\n\t\t\t\t\t\t\t\t<\/div>\n\t\t\t\t<\/div>\n\t\t\t\t<div class=\"elementor-element elementor-element-e878996 elementor-widget elementor-widget-image\" data-id=\"e878996\" data-element_type=\"widget\" data-e-type=\"widget\" data-widget_type=\"image.default\">\n\t\t\t\t<div class=\"elementor-widget-container\">\n\t\t\t\t\t\t\t\t\t\t\t\t\t\t\t<img decoding=\"async\" width=\"300\" height=\"199\" src=\"https:\/\/pharma-consulting.fr\/wp-content\/uploads\/2021\/02\/LOGO-ODPC-1-300x199.jpg\" class=\"attachment-medium size-medium wp-image-2899\" alt=\"\" srcset=\"https:\/\/pharma-consulting.fr\/wp-content\/uploads\/2021\/02\/LOGO-ODPC-1-300x199.jpg 300w, https:\/\/pharma-consulting.fr\/wp-content\/uploads\/2021\/02\/LOGO-ODPC-1-1024x681.jpg 1024w, https:\/\/pharma-consulting.fr\/wp-content\/uploads\/2021\/02\/LOGO-ODPC-1-768x510.jpg 768w, https:\/\/pharma-consulting.fr\/wp-content\/uploads\/2021\/02\/LOGO-ODPC-1.jpg 1476w\" sizes=\"(max-width: 300px) 100vw, 300px\" \/>\t\t\t\t\t\t\t\t\t\t\t\t\t\t\t<\/div>\n\t\t\t\t<\/div>\n\t\t\t\t\t<\/div>\n\t\t<\/div>\n\t\t\t\t\t<\/div>\n\t\t<\/section>\n\t\t\t\t\t<\/div>\n\t\t<\/div>\n\t\t\t\t\t<\/div>\n\t\t<\/section>\n\t\t\t\t<section class=\"elementor-section elementor-top-section elementor-element elementor-element-c5f799a elementor-section-boxed elementor-section-height-default elementor-section-height-default\" data-id=\"c5f799a\" data-element_type=\"section\" data-e-type=\"section\">\n\t\t\t\t\t\t<div class=\"elementor-container elementor-column-gap-default\">\n\t\t\t\t\t<div class=\"elementor-column elementor-col-100 elementor-top-column elementor-element elementor-element-a17b63f\" data-id=\"a17b63f\" data-element_type=\"column\" data-e-type=\"column\">\n\t\t\t<div class=\"elementor-widget-wrap elementor-element-populated\">\n\t\t\t\t\t\t<section class=\"elementor-section elementor-inner-section elementor-element elementor-element-3f37e18 elementor-section-boxed elementor-section-height-default elementor-section-height-default\" data-id=\"3f37e18\" data-element_type=\"section\" data-e-type=\"section\">\n\t\t\t\t\t\t<div class=\"elementor-container elementor-column-gap-default\">\n\t\t\t\t\t<div class=\"elementor-column elementor-col-50 elementor-inner-column elementor-element elementor-element-a327178\" data-id=\"a327178\" data-element_type=\"column\" data-e-type=\"column\">\n\t\t\t<div class=\"elementor-widget-wrap elementor-element-populated\">\n\t\t\t\t\t\t<div class=\"elementor-element elementor-element-95010d1 elementor-widget elementor-widget-text-editor\" data-id=\"95010d1\" data-element_type=\"widget\" data-e-type=\"widget\" data-widget_type=\"text-editor.default\">\n\t\t\t\t<div class=\"elementor-widget-container\">\n\t\t\t\t\t\t\t\t\t<p>A la suite d\u2019un audit r\u00e9alis\u00e9 par la soci\u00e9t\u00e9 AFNOR, notre Organisme de Formation \u00e0 re\u00e7u le 2 juin 2020 la certification QUALIOPI, gage du s\u00e9rieux et du professionnalisme de notre structure.<\/p>\t\t\t\t\t\t\t\t<\/div>\n\t\t\t\t<\/div>\n\t\t\t\t<div class=\"elementor-element elementor-element-d8ef02a elementor-align-center elementor-widget elementor-widget-button\" data-id=\"d8ef02a\" data-element_type=\"widget\" data-e-type=\"widget\" data-widget_type=\"button.default\">\n\t\t\t\t<div class=\"elementor-widget-container\">\n\t\t\t\t\t\t\t\t\t<div class=\"elementor-button-wrapper\">\n\t\t\t\t\t<a class=\"elementor-button elementor-button-link elementor-size-sm\" href=\"https:\/\/acrobat.adobe.com\/id\/urn:aaid:sc:EU:97ad726a-80ba-4697-b84d-e080c5baa4e9\" target=\"_blank\">\n\t\t\t\t\t\t<span class=\"elementor-button-content-wrapper\">\n\t\t\t\t\t\t\t\t\t<span class=\"elementor-button-text\">Acc\u00e9der \u00e0 notre certificat Qualiopi<\/span>\n\t\t\t\t\t<\/span>\n\t\t\t\t\t<\/a>\n\t\t\t\t<\/div>\n\t\t\t\t\t\t\t\t<\/div>\n\t\t\t\t<\/div>\n\t\t\t\t\t<\/div>\n\t\t<\/div>\n\t\t\t\t<div class=\"elementor-column elementor-col-50 elementor-inner-column elementor-element elementor-element-8223a7e\" data-id=\"8223a7e\" data-element_type=\"column\" data-e-type=\"column\">\n\t\t\t<div class=\"elementor-widget-wrap elementor-element-populated\">\n\t\t\t\t\t\t<div class=\"elementor-element elementor-element-12e63a0 elementor-widget elementor-widget-text-editor\" data-id=\"12e63a0\" data-element_type=\"widget\" data-e-type=\"widget\" data-widget_type=\"text-editor.default\">\n\t\t\t\t<div class=\"elementor-widget-container\">\n\t\t\t\t\t\t\t\t\t<p>Pharmaconsulting est un organisme de DPC : ODPC\u00a0<strong>N\u00b0 3667<br \/><\/strong>L\u2019Agence nationale du d\u00e9veloppement professionnel continu (ANDPC) assure, aux termes des dispositions de l\u2019article L.4021-6 du Code de la sant\u00e9 publique (CSP), le pilotage et contribue \u00e0 la gestion financi\u00e8re du dispositif de d\u00e9veloppement professionnel continu (DPC) pour l\u2019ensemble des professionnels de sant\u00e9, quels que soient leurs statuts ou leurs conditions d\u2019exercice.<br \/>A ce titre, elle proc\u00e8de, conform\u00e9ment aux dispositions de l\u2019article R. 4021-24 du m\u00eame code, \u00e0 l\u2019enregistrement des structures et organismes qui souhaitent pr\u00e9senter des actions de DPC s\u2019inscrivant dans le cadre des orientations d\u00e9finies \u00e0 l\u2019article L. 4021-2 du code pr\u00e9cit\u00e9<br \/>L\u2019organisme ou la structure est enregistr\u00e9\u00a0<strong>s\u2019il satisfait \u00e0 des crit\u00e8res<\/strong>, fix\u00e9s par arr\u00eat\u00e9 du ministre charg\u00e9 de la sant\u00e9, relatifs \u00e0 sa capacit\u00e9 \u00e0 proposer des actions de d\u00e9veloppement professionnel continu et \u00e0 son ind\u00e9pendance \u00e0 l\u2019\u00e9gard des entreprises fabriquant ou distribuant des produits de sant\u00e9.<\/p>\t\t\t\t\t\t\t\t<\/div>\n\t\t\t\t<\/div>\n\t\t\t\t\t<\/div>\n\t\t<\/div>\n\t\t\t\t\t<\/div>\n\t\t<\/section>\n\t\t\t\t\t<\/div>\n\t\t<\/div>\n\t\t\t\t\t<\/div>\n\t\t<\/section>\n\t\t\t\t<\/div>\n\t\t","protected":false},"excerpt":{"rendered":"<p>d\u00e9marche Qualit\u00e9 Qualiopi ODPC A la suite d\u2019un audit r\u00e9alis\u00e9 par la soci\u00e9t\u00e9 AFNOR, notre Organisme de Formation \u00e0 re\u00e7u le 2 juin 2020 la certification QUALIOPI, gage du s\u00e9rieux&#8230;<\/p>\n","protected":false},"author":1,"featured_media":0,"parent":2974,"menu_order":0,"comment_status":"closed","ping_status":"closed","template":"","meta":{"_kad_post_transparent":"","_kad_post_title":"hide","_kad_post_layout":"fullwidth","_kad_post_sidebar_id":"","_kad_post_content_style":"unboxed","_kad_post_vertical_padding":"hide","_kad_post_feature":"hide","_kad_post_feature_position":"","_kad_post_header":false,"_kad_post_footer":false,"_kad_post_classname":"","footnotes":""},"categories":[],"tags":[],"class_list":["post-100","page","type-page","status-publish","hentry"],"_links":{"self":[{"href":"https:\/\/pharma-consulting.fr\/index.php\/wp-json\/wp\/v2\/pages\/100","targetHints":{"allow":["GET"]}}],"collection":[{"href":"https:\/\/pharma-consulting.fr\/index.php\/wp-json\/wp\/v2\/pages"}],"about":[{"href":"https:\/\/pharma-consulting.fr\/index.php\/wp-json\/wp\/v2\/types\/page"}],"author":[{"embeddable":true,"href":"https:\/\/pharma-consulting.fr\/index.php\/wp-json\/wp\/v2\/users\/1"}],"replies":[{"embeddable":true,"href":"https:\/\/pharma-consulting.fr\/index.php\/wp-json\/wp\/v2\/comments?post=100"}],"version-history":[{"count":3,"href":"https:\/\/pharma-consulting.fr\/index.php\/wp-json\/wp\/v2\/pages\/100\/revisions"}],"predecessor-version":[{"id":8858,"href":"https:\/\/pharma-consulting.fr\/index.php\/wp-json\/wp\/v2\/pages\/100\/revisions\/8858"}],"up":[{"embeddable":true,"href":"https:\/\/pharma-consulting.fr\/index.php\/wp-json\/wp\/v2\/pages\/2974"}],"wp:attachment":[{"href":"https:\/\/pharma-consulting.fr\/index.php\/wp-json\/wp\/v2\/media?parent=100"}],"wp:term":[{"taxonomy":"category","embeddable":true,"href":"https:\/\/pharma-consulting.fr\/index.php\/wp-json\/wp\/v2\/categories?post=100"},{"taxonomy":"post_tag","embeddable":true,"href":"https:\/\/pharma-consulting.fr\/index.php\/wp-json\/wp\/v2\/tags?post=100"}],"curies":[{"name":"wp","href":"https:\/\/api.w.org\/{rel}","templated":true}]}}